{"id":315,"date":"2015-12-21T21:22:28","date_gmt":"2015-12-21T20:22:28","guid":{"rendered":"http:\/\/euro-graduation-access.hl2.siteinternet.com\/?page_id=315&#038;lang=en"},"modified":"2026-04-20T12:45:47","modified_gmt":"2026-04-20T10:45:47","slug":"contact","status":"publish","type":"page","link":"https:\/\/www.euro-graduation-access.org\/en\/contact\/","title":{"rendered":"Contact"},"content":{"rendered":"<p>&nbsp;<\/p>\n<h2 style=\"text-align: center;\"><strong>Euro Graduation Access:<\/strong><\/h2>\n<div id=\":38.ma\" class=\"Mu SP\" style=\"text-align: center;\" data-tooltip=\"9 janvier 2018 \u00e0 10:08:28 UTC+1\">\n<div id=\":38.at\" class=\"xH\">\u00a0<img decoding=\"async\" class=\"wp-image-11351 aligncenter\" src=\"https:\/\/www.euro-graduation-access.org\/wp-content\/uploads\/2023\/09\/E-parlebas-et-C-Pezerat.png\" alt=\"\" width=\"419\" height=\"245\" srcset=\"https:\/\/www.euro-graduation-access.org\/wp-content\/uploads\/2023\/09\/E-parlebas-et-C-Pezerat.png 1312w, https:\/\/www.euro-graduation-access.org\/wp-content\/uploads\/2023\/09\/E-parlebas-et-C-Pezerat-300x175.png 300w, https:\/\/www.euro-graduation-access.org\/wp-content\/uploads\/2023\/09\/E-parlebas-et-C-Pezerat-1024x599.png 1024w, https:\/\/www.euro-graduation-access.org\/wp-content\/uploads\/2023\/09\/E-parlebas-et-C-Pezerat-768x449.png 768w\" sizes=\"(max-width: 419px) 100vw, 419px\" \/><\/div>\n<\/div>\n<div style=\"text-align: center;\" data-tooltip=\"9 janvier 2018 \u00e0 10:08:28 UTC+1\"><\/div>\n<div style=\"text-align: center;\" data-tooltip=\"9 janvier 2018 \u00e0 10:08:28 UTC+1\">44, Avenue F. A. Bartholdi<br \/>\n72000 Le Mans FRANCE<br \/>\ndelegue-general@euro-graduation-access.org<\/div>\n<h3><\/h3>\n<h3 style=\"text-align: center;\">Use the contact form below to write to us.<br \/>\nWe will get back to you as soon as possible.<\/h3>\n\n<div class=\"wpcf7 no-js\" id=\"wpcf7-f180-o1\" lang=\"fr-FR\" dir=\"ltr\" data-wpcf7-id=\"180\">\n<div class=\"screen-reader-response\"><p role=\"status\" aria-live=\"polite\" aria-atomic=\"true\"><\/p> <ul><\/ul><\/div>\n<form action=\"\/en\/wp-json\/wp\/v2\/pages\/315#wpcf7-f180-o1\" method=\"post\" class=\"wpcf7-form init\" aria-label=\"Formulaire de contact\" novalidate=\"novalidate\" data-status=\"init\">\n<fieldset class=\"hidden-fields-container\"><input type=\"hidden\" name=\"_wpcf7\" value=\"180\" \/><input type=\"hidden\" name=\"_wpcf7_version\" value=\"6.1.5\" \/><input type=\"hidden\" name=\"_wpcf7_locale\" value=\"fr_FR\" \/><input type=\"hidden\" name=\"_wpcf7_unit_tag\" value=\"wpcf7-f180-o1\" \/><input type=\"hidden\" name=\"_wpcf7_container_post\" value=\"0\" \/><input type=\"hidden\" name=\"_wpcf7_posted_data_hash\" value=\"\" \/><input type=\"hidden\" name=\"_wpcf7_recaptcha_response\" value=\"\" \/>\n<\/fieldset>\n<p><strong>Nom <span class=\"asterisque\">*<\/span><\/strong><br \/>\n<span class=\"wpcf7-form-control-wrap\" data-name=\"your-name\"><input size=\"40\" maxlength=\"400\" class=\"wpcf7-form-control wpcf7-text wpcf7-validates-as-required\" aria-required=\"true\" aria-invalid=\"false\" value=\"\" type=\"text\" name=\"your-name\" \/><\/span>\n<\/p>\n<p><strong>Pr\u00e9nom <span class=\"asterisque\">*<\/span><\/strong><br \/>\n<span class=\"wpcf7-form-control-wrap\" data-name=\"your-prenom\"><input size=\"40\" maxlength=\"400\" class=\"wpcf7-form-control wpcf7-text wpcf7-validates-as-required\" aria-required=\"true\" aria-invalid=\"false\" value=\"\" type=\"text\" name=\"your-prenom\" \/><\/span>\n<\/p>\n<p><strong>Ville <\/strong><br \/>\n<span class=\"wpcf7-form-control-wrap\" data-name=\"your-town\"><input size=\"40\" maxlength=\"400\" class=\"wpcf7-form-control wpcf7-text\" aria-invalid=\"false\" value=\"\" type=\"text\" name=\"your-town\" \/><\/span>\n<\/p>\n<p><strong>Pays <span class=\"asterisque\">*<\/span><\/strong><br \/>\n<span class=\"wpcf7-form-control-wrap\" data-name=\"your-country\"><input size=\"40\" maxlength=\"400\" class=\"wpcf7-form-control wpcf7-text wpcf7-validates-as-required\" aria-required=\"true\" aria-invalid=\"false\" value=\"\" type=\"text\" name=\"your-country\" \/><\/span>\n<\/p>\n<p><strong>Courriel (E-mail) <span class=\"asterisque\">*<\/span><\/strong><br \/>\n<span id=\"attention\">Veuillez v\u00e9rifier que votre adresse email est correctement renseign\u00e9e.<\/span><br \/>\n<span class=\"wpcf7-form-control-wrap\" data-name=\"your-mail\"><input size=\"40\" maxlength=\"400\" class=\"wpcf7-form-control wpcf7-email wpcf7-validates-as-required wpcf7-text wpcf7-validates-as-email\" aria-required=\"true\" aria-invalid=\"false\" value=\"\" type=\"email\" name=\"your-mail\" \/><\/span>\n<\/p>\n<p><strong>T\u00e9l\u00e9phone <span class=\"asterisque\">*<\/span><\/strong><br \/>\n<span id=\"attention\">Merci de renseigner votre num\u00e9ro au format international (ex: +33 123 45 67 89).<\/span><br \/>\n<span class=\"wpcf7-form-control-wrap\" data-name=\"your-phone\"><input size=\"40\" maxlength=\"400\" class=\"wpcf7-form-control wpcf7-tel wpcf7-validates-as-required wpcf7-text wpcf7-validates-as-tel\" aria-required=\"true\" aria-invalid=\"false\" value=\"\" type=\"tel\" name=\"your-phone\" \/><\/span>\n<\/p>\n<p><strong>Votre message<span class=\"asterisque\">*<\/span><\/strong><br \/>\n<span class=\"wpcf7-form-control-wrap\" data-name=\"your-message\"><textarea cols=\"40\" rows=\"10\" maxlength=\"2000\" class=\"wpcf7-form-control wpcf7-textarea wpcf7-validates-as-required\" aria-required=\"true\" aria-invalid=\"false\" placeholder=\"Votre message\" name=\"your-message\"><\/textarea><\/span>\n<\/p>\n<p id=\"captcha-49\"><br \/>\nPour \u00e9viter les spams, entrez le code <br \/>\n<input type=\"hidden\" name=\"_wpcf7_captcha_challenge_captcha-49\" value=\"39659629\" \/><img decoding=\"async\" class=\"wpcf7-form-control wpcf7-captchac wpcf7-captcha-captcha-49\" width=\"84\" height=\"28\" alt=\"captcha\" src=\"https:\/\/www.euro-graduation-access.org\/wp-content\/uploads\/wpcf7_captcha\/39659629.png\" \/><span class=\"wpcf7-form-control-wrap\" data-name=\"captcha-49\"><input size=\"40\" class=\"wpcf7-form-control wpcf7-captchar\" autocomplete=\"off\" aria-invalid=\"false\" value=\"\" type=\"text\" name=\"captcha-49\" \/><\/span>\n<\/p>\n<p id=\"obligatoires\"><span class=\"asterisque\">*<\/span> Mentions obligatoires\n<\/p>\n<p><input class=\"wpcf7-form-control wpcf7-submit has-spinner\" type=\"submit\" value=\"Envoyer &gt;\" \/>\n<\/p>\n<p style=\"font-size:10px\">Les informations collect\u00e9es par le pr\u00e9sent formulaire seront utilis\u00e9es \u00e0 des fins administratives aupr\u00e8s de nos services.<br \/>\nConform\u00e9ment \u00e0 l\u2019article 34 de la loi \u201cInformatique et Libert\u00e9s\u201d n\u00ba 78-17 du 16 janvier 1978 modifi\u00e9e en 2004, vous disposez d\u2019un droit d\u2019acc\u00e8s, de modification, de rectification et de suppression des donn\u00e9es qui vous concernent.\n<\/p><div class=\"wpcf7-response-output\" aria-hidden=\"true\"><\/div>\n<\/form>\n<\/div>\n\n","protected":false},"excerpt":{"rendered":"<p>&nbsp; Euro Graduation Access: \u00a0 44, Avenue F. A. Bartholdi 72000 Le Mans FRANCE delegue-general@euro-graduation-access.org &#8230;<a class=\"read-more\" href=\"https:\/\/www.euro-graduation-access.org\/en\/news\/\"><\/br><\/br>Read more ><\/a><\/p>\n","protected":false},"author":9,"featured_media":0,"parent":0,"menu_order":0,"comment_status":"closed","ping_status":"closed","template":"page_sans_sidebar.php","meta":{"_acf_changed":false,"footnotes":""},"class_list":["post-315","page","type-page","status-publish","hentry"],"acf":[],"_links":{"self":[{"href":"https:\/\/www.euro-graduation-access.org\/en\/wp-json\/wp\/v2\/pages\/315","targetHints":{"allow":["GET"]}}],"collection":[{"href":"https:\/\/www.euro-graduation-access.org\/en\/wp-json\/wp\/v2\/pages"}],"about":[{"href":"https:\/\/www.euro-graduation-access.org\/en\/wp-json\/wp\/v2\/types\/page"}],"author":[{"embeddable":true,"href":"https:\/\/www.euro-graduation-access.org\/en\/wp-json\/wp\/v2\/users\/9"}],"replies":[{"embeddable":true,"href":"https:\/\/www.euro-graduation-access.org\/en\/wp-json\/wp\/v2\/comments?post=315"}],"version-history":[{"count":29,"href":"https:\/\/www.euro-graduation-access.org\/en\/wp-json\/wp\/v2\/pages\/315\/revisions"}],"predecessor-version":[{"id":20030,"href":"https:\/\/www.euro-graduation-access.org\/en\/wp-json\/wp\/v2\/pages\/315\/revisions\/20030"}],"wp:attachment":[{"href":"https:\/\/www.euro-graduation-access.org\/en\/wp-json\/wp\/v2\/media?parent=315"}],"curies":[{"name":"wp","href":"https:\/\/api.w.org\/{rel}","templated":true}]}}