{"id":278,"date":"2015-12-21T21:58:59","date_gmt":"2015-12-21T20:58:59","guid":{"rendered":"http:\/\/euro-graduation-access.hl2.siteinternet.com\/?page_id=278&#038;lang=en"},"modified":"2026-04-24T21:56:09","modified_gmt":"2026-04-24T19:56:09","slug":"membre-2","status":"publish","type":"page","link":"https:\/\/www.euro-graduation-access.org\/en\/engineering-schools\/members\/membre-2\/","title":{"rendered":"ENSIM &#8211; \u00c9cole Nationale Sup\u00e9rieure d\u2019Ing\u00e9nieurs du Mans"},"content":{"rendered":"<p><img decoding=\"async\" class=\"wp-image-11345 aligncenter\" src=\"https:\/\/www.euro-graduation-access.org\/wp-content\/uploads\/2023\/09\/photo-ensim.jpg\" alt=\"\" width=\"520\" height=\"380\" srcset=\"https:\/\/www.euro-graduation-access.org\/wp-content\/uploads\/2023\/09\/photo-ensim.jpg 2048w, https:\/\/www.euro-graduation-access.org\/wp-content\/uploads\/2023\/09\/photo-ensim-300x220.jpg 300w, https:\/\/www.euro-graduation-access.org\/wp-content\/uploads\/2023\/09\/photo-ensim-1024x750.jpg 1024w, https:\/\/www.euro-graduation-access.org\/wp-content\/uploads\/2023\/09\/photo-ensim-768x562.jpg 768w, https:\/\/www.euro-graduation-access.org\/wp-content\/uploads\/2023\/09\/photo-ensim-1536x1124.jpg 1536w\" sizes=\"(max-width: 520px) 100vw, 520px\" \/><img decoding=\"async\" class=\"wp-image-1079 aligncenter\" src=\"https:\/\/www.euro-graduation-access.org\/wp-content\/uploads\/2017\/12\/LOGO-ensim-couleur-HD-300x73.png\" alt=\"\" width=\"377\" height=\"92\" srcset=\"https:\/\/www.euro-graduation-access.org\/wp-content\/uploads\/2017\/12\/LOGO-ensim-couleur-HD-300x73.png 300w, https:\/\/www.euro-graduation-access.org\/wp-content\/uploads\/2017\/12\/LOGO-ensim-couleur-HD-768x186.png 768w, https:\/\/www.euro-graduation-access.org\/wp-content\/uploads\/2017\/12\/LOGO-ensim-couleur-HD-1024x248.png 1024w\" sizes=\"(max-width: 377px) 100vw, 377px\" \/><\/p>\n<h2 style=\"text-align: left;\"><strong>Introduction<\/strong><\/h2>\n<p>\u00c9cole Nationale Sup\u00e9rieure d\u2019Ing\u00e9nieurs du Mans (<strong>ENSIM<\/strong>), a public institution associated with the Polytech network, educates high-level engineers through a strong integration of research excellence and close collaboration with industrial partners.<\/p>\n<h2><strong>2\u00a0 Specialization areas :<\/strong><\/h2>\n<ul style=\"list-style-type: disc;\">\n<li class=\"ametys-richtext-title-1\"><strong>Acoustique &amp; Instrumentation<\/strong><\/li>\n<\/ul>\n<ol>\n<li style=\"list-style-type: none;\">\n<ol>\n<li style=\"list-style-type: none;\">\n<ol>\n<li>Vibrations, Acoustique (VA) pour am\u00e9liorer le confort vibratoire et sonore<\/li>\n<li>Instrumentation pour l&#8217;Environnement (IE) pour \u00e9laborer des syst\u00e8mes de contr\u00f4le et mesure intelligents<\/li>\n<\/ol>\n<\/li>\n<\/ol>\n<\/li>\n<\/ol>\n<ul>\n<li class=\"ametys-richtext-title-1\"><strong>Informatique<\/strong><\/li>\n<\/ul>\n<ol>\n<li style=\"list-style-type: none;\">\n<ol>\n<li style=\"list-style-type: none;\">\n<ol>\n<li>Architecture des Syst\u00e8mes Temps R\u00e9el et Embarqu\u00e9s (ASTRE)pour d\u00e9velopper des logiciels embarqu\u00e9s et des objets communicants<\/li>\n<li>Interaction Personnes Syst\u00e8mes (IPS) pour inventer la soci\u00e9t\u00e9 num\u00e9rique de demain<\/li>\n<\/ol>\n<\/li>\n<\/ol>\n<\/li>\n<\/ol>\n<table style=\"height: 63px; width: 84.6639%; border-collapse: collapse; border-color: #000000; border-style: solid;\">\n<tbody>\n<tr style=\"height: 21px;\">\n<td style=\"width: 25%; background-color: #2c76de; height: 21px;\"><span style=\"color: #ffffff;\"><strong>Creation date<\/strong><\/span><\/td>\n<td style=\"width: 25%; background-color: #6da7f2; height: 21px; text-align: right;\"><strong>1995<\/strong><\/td>\n<td style=\"width: 25%; background-color: #2c76de; height: 21px;\"><strong><span style=\"color: #ffffff;\">Alumni<\/span><\/strong><\/td>\n<td style=\"width: 24.7582%; background-color: #6da7f2; height: 21px; text-align: right;\"><strong>1100<\/strong><\/td>\n<\/tr>\n<tr style=\"height: 21px;\">\n<td style=\"width: 25%; background-color: #2c76de; height: 21px;\"><strong><span style=\"color: #ffffff;\">Students<\/span><\/strong><\/td>\n<td style=\"width: 25%; background-color: #6da7f2; height: 21px; text-align: right;\"><strong>400<\/strong><\/td>\n<td style=\"width: 25%; background-color: #2c76de; height: 21px;\"><\/td>\n<td style=\"width: 24.7582%; background-color: #6da7f2; height: 21px; text-align: right;\"><\/td>\n<\/tr>\n<\/tbody>\n<\/table>\n<h2><strong>Location<\/strong><\/h2>\n<p>Le Mans, West of France.<\/p>\n<h2 style=\"text-align: justify;\"><strong>More information<\/strong><\/h2>\n<p><a href=\"http:\/\/ensim.univ-lemans.fr\/\">http:\/\/ensim.univ-lemans.fr\/<\/a><\/p>\n<p style=\"text-align: justify;\"><a href=\"http:\/\/webensim.univ-lemans.fr\/\" target=\"_blank\" rel=\"noopener noreferrer\">http:\/\/webensim.univ-lemans.fr\/<\/a><\/p>\n<h2 style=\"text-align: justify;\"><span style=\"color: #ff6600;\"><strong>Contact<\/strong>\u00a0<\/span><\/h2>\n<p><a href=\"mailto:scolarite.ensim@univ-lemans.fr\">scolarite.ensim@univ-lemans.fr<\/a><\/p>\n<p style=\"text-align: justify;\">ENSIM \u2013 Rue Aristote \u2013 72085 Le Mans CEDEX 09 \u2013 France<br \/>\nT\u00e9l : 00 33 (0)2 43 83 35 93<\/p>\n<p>&nbsp;<\/p>\n<p>&nbsp;<\/p>\n<p>&nbsp;<\/p>\n<p>&nbsp;<\/p>\n","protected":false},"excerpt":{"rendered":"<p>Introduction \u00c9cole Nationale Sup\u00e9rieure d\u2019Ing\u00e9nieurs du Mans (ENSIM), a public institution associated with the Polytech &#8230;<a class=\"read-more\" href=\"https:\/\/www.euro-graduation-access.org\/en\/news\/\"><\/br><\/br>Read more ><\/a><\/p>\n","protected":false},"author":9,"featured_media":0,"parent":273,"menu_order":0,"comment_status":"closed","ping_status":"closed","template":"","meta":{"_acf_changed":false,"footnotes":""},"class_list":["post-278","page","type-page","status-publish","hentry"],"acf":[],"_links":{"self":[{"href":"https:\/\/www.euro-graduation-access.org\/en\/wp-json\/wp\/v2\/pages\/278","targetHints":{"allow":["GET"]}}],"collection":[{"href":"https:\/\/www.euro-graduation-access.org\/en\/wp-json\/wp\/v2\/pages"}],"about":[{"href":"https:\/\/www.euro-graduation-access.org\/en\/wp-json\/wp\/v2\/types\/page"}],"author":[{"embeddable":true,"href":"https:\/\/www.euro-graduation-access.org\/en\/wp-json\/wp\/v2\/users\/9"}],"replies":[{"embeddable":true,"href":"https:\/\/www.euro-graduation-access.org\/en\/wp-json\/wp\/v2\/comments?post=278"}],"version-history":[{"count":94,"href":"https:\/\/www.euro-graduation-access.org\/en\/wp-json\/wp\/v2\/pages\/278\/revisions"}],"predecessor-version":[{"id":20333,"href":"https:\/\/www.euro-graduation-access.org\/en\/wp-json\/wp\/v2\/pages\/278\/revisions\/20333"}],"up":[{"embeddable":true,"href":"https:\/\/www.euro-graduation-access.org\/en\/wp-json\/wp\/v2\/pages\/273"}],"wp:attachment":[{"href":"https:\/\/www.euro-graduation-access.org\/en\/wp-json\/wp\/v2\/media?parent=278"}],"curies":[{"name":"wp","href":"https:\/\/api.w.org\/{rel}","templated":true}]}}