{"id":273,"date":"2015-12-23T15:13:30","date_gmt":"2015-12-23T14:13:30","guid":{"rendered":"http:\/\/euro-graduation-access.hl2.siteinternet.com\/?page_id=273&#038;lang=en"},"modified":"2026-04-20T12:11:00","modified_gmt":"2026-04-20T10:11:00","slug":"members","status":"publish","type":"page","link":"https:\/\/www.euro-graduation-access.org\/en\/engineering-schools\/members\/","title":{"rendered":"Members"},"content":{"rendered":"<p>The EG@ Joint Entrance Examination consists of 11 engineering schools specializing in a wide range of fields:<\/p>\n<ul>\n<li><strong>CESI<\/strong> \u00c9cole d\u2019Ing\u00e9nieurs, a member of the HESAM Universit\u00e9 consortium, is a French Grande \u00c9cole offering a general engineering curriculum with two areas of specialization:<\/li>\n<li>\u00c9cole de Biologie Industrielle (<strong>EBI<\/strong>) prepares graduates for engineering careers ranging from research and development to production, innovation, and market deployment, across four major industrial sectors: pharmaceuticals, cosmetics, agri-food industries, and environmental technologies.<\/li>\n<li><strong>Efrei Paris<\/strong>, a leading French Grande \u00c9cole of Engineering and Digital Technologies within Universit\u00e9 Paris-Panth\u00e9on-Assas, offers a broad range of programs covering the full spectrum of computer science and digital technologies.<\/li>\n<li>\u00c9cole des Ing\u00e9nieurs de la Ville de Paris (<strong>EIVP<\/strong>) prepares engineers in Urban Engineering capable of designing and delivering large-scale projects in construction, environment, water and waste management, energy systems, climate adaptation, and urban development.<\/li>\n<li>\u00c9cole Nationale Sup\u00e9rieure d\u2019Ing\u00e9nieurs du Mans (<strong>ENSIM<\/strong>), a public institution associated with the Polytech network, educates high-level engineers through a strong integration of research excellence and close collaboration with industrial partners.<\/li>\n<li>Founded in 1898, \u00c9cole Sup\u00e9rieure des Agricultures (<strong>ESA<\/strong>) is a leading institution dedicated to agroecological, food, and digital transitions. It offers more than 50 academic pathways, including the engineering degree in agricultural sciences.<\/li>\n<li>\u00c9cole Sup\u00e9rieure d\u2019Ing\u00e9nieurs G\u00e9om\u00e8tres et Topographes (<strong>ESGT<\/strong>), a public engineering school affiliated with the Polytech network, delivers a multidisciplinary education in geomatics, digital modeling, environmental sciences, spatial planning, geographic information systems (GIS), and land surveying expertise.<\/li>\n<li>A member of Universit\u00e9 Gustave Eiffel, <strong>G\u00e9odata<\/strong> Paris is a leading public engineering school specializing in geographic information sciences and technologies, at the intersection of earth sciences, data science, digital technologies, cartography, and geography.<\/li>\n<li>Founded in 1987,<strong> ISMANS CESI<\/strong> continuously evolves to meet emerging societal and technological needs. In close collaboration with industry partners, its alumni network, and the scientific community, ISMANS CESI is strongly oriented toward careers in mobility engineering and transportation systems.<\/li>\n<li><strong>ISTOM<\/strong> trains engineers for careers in agriculture, environmental sciences, and energy transition, with a strong international dimension spanning both the Global North and South.<\/li>\n<li><strong>ITECH<\/strong> Lyon educates engineers specialized in advanced materials and applied chemistry, including paints, inks, adhesives, cosmetics, plastics, textiles, composites, and leather engineering.<\/li>\n<\/ul>\n<p>&nbsp;<\/p>\n<p>&nbsp;<\/p>\n<p>&nbsp;<\/p>\n<p>&nbsp;<\/p>\n<p>&nbsp;<\/p>\n<p>&nbsp;<\/p>\n<p>&nbsp;<\/p>\n<p>&nbsp;<\/p>\n<p>&nbsp;<\/p>\n<p>&nbsp;<\/p>\n<p>&nbsp;<\/p>\n<p>&nbsp;<\/p>\n<p>&nbsp;<\/p>\n<p>&nbsp;<\/p>\n<p>&nbsp;<\/p>\n<p>&nbsp;<\/p>\n<p>&nbsp;<\/p>\n<p>&nbsp;<\/p>\n<p>&nbsp;<\/p>\n","protected":false},"excerpt":{"rendered":"<p>The EG@ Joint Entrance Examination consists of 11 engineering schools specializing in a wide range &#8230;<a class=\"read-more\" href=\"https:\/\/www.euro-graduation-access.org\/en\/news\/\"><\/br><\/br>Read more ><\/a><\/p>\n","protected":false},"author":9,"featured_media":0,"parent":271,"menu_order":2,"comment_status":"closed","ping_status":"closed","template":"","meta":{"_acf_changed":false,"footnotes":""},"class_list":["post-273","page","type-page","status-publish","hentry"],"acf":[],"_links":{"self":[{"href":"https:\/\/www.euro-graduation-access.org\/en\/wp-json\/wp\/v2\/pages\/273","targetHints":{"allow":["GET"]}}],"collection":[{"href":"https:\/\/www.euro-graduation-access.org\/en\/wp-json\/wp\/v2\/pages"}],"about":[{"href":"https:\/\/www.euro-graduation-access.org\/en\/wp-json\/wp\/v2\/types\/page"}],"author":[{"embeddable":true,"href":"https:\/\/www.euro-graduation-access.org\/en\/wp-json\/wp\/v2\/users\/9"}],"replies":[{"embeddable":true,"href":"https:\/\/www.euro-graduation-access.org\/en\/wp-json\/wp\/v2\/comments?post=273"}],"version-history":[{"count":23,"href":"https:\/\/www.euro-graduation-access.org\/en\/wp-json\/wp\/v2\/pages\/273\/revisions"}],"predecessor-version":[{"id":20001,"href":"https:\/\/www.euro-graduation-access.org\/en\/wp-json\/wp\/v2\/pages\/273\/revisions\/20001"}],"up":[{"embeddable":true,"href":"https:\/\/www.euro-graduation-access.org\/en\/wp-json\/wp\/v2\/pages\/271"}],"wp:attachment":[{"href":"https:\/\/www.euro-graduation-access.org\/en\/wp-json\/wp\/v2\/media?parent=273"}],"curies":[{"name":"wp","href":"https:\/\/api.w.org\/{rel}","templated":true}]}}