{"id":261,"date":"2015-12-22T12:17:40","date_gmt":"2015-12-22T11:17:40","guid":{"rendered":"http:\/\/euro-graduation-access.hl2.siteinternet.com\/?page_id=261&#038;lang=en"},"modified":"2026-05-06T17:13:13","modified_gmt":"2026-05-06T15:13:13","slug":"epreuves-orales","status":"publish","type":"page","link":"https:\/\/www.euro-graduation-access.org\/en\/examination\/examination-contents\/epreuves-orales\/","title":{"rendered":"Epreuves orales"},"content":{"rendered":"<p>&nbsp;<\/p>\n<p>L\u2019\u00e9preuve orale consiste en un entretien devant jury de culture g\u00e9n\u00e9rale et de motivation pour poursuivre les \u00e9tudes en France. Il dure g\u00e9n\u00e9ralement entre 20 et 30 minutes. Il se passe \u00e0 distance directement avec les \u00e9coles.<\/p>\n<p>L\u2019entretien permet de mesurer les capacit\u00e9s du candidat \u00e0 s\u2019exprimer, \u00e0 argumenter et \u00e0 reformuler une id\u00e9e. Une partie de l\u2019entretien sera r\u00e9alis\u00e9e en anglais et une ou des questions scientifiques pourront \u00eatre pos\u00e9es.<\/p>\n<p>Pour tous d\u00e9tails, consultez le\u00a0<a href=\"https:\/\/www.euro-graduation-access.org\/wp-content\/uploads\/2026\/05\/2026_Reglement-du-Concours-Commun-Eg@_v5.pdf\">r\u00e8glement du concours EG@<\/a><\/p>\n<p>&nbsp;<\/p>\n<p>&nbsp;<\/p>\n<p>&nbsp;<\/p>\n<p>&nbsp;<\/p>\n<p>&nbsp;<\/p>\n<p>&nbsp;<\/p>\n<p>&nbsp;<\/p>\n<p>&nbsp;<\/p>\n<p>&nbsp;<\/p>\n<p>&nbsp;<\/p>\n","protected":false},"excerpt":{"rendered":"<p>&nbsp; L\u2019\u00e9preuve orale consiste en un entretien devant jury de culture g\u00e9n\u00e9rale et de motivation &#8230;<a class=\"read-more\" href=\"https:\/\/www.euro-graduation-access.org\/en\/news\/\"><\/br><\/br>Read more ><\/a><\/p>\n","protected":false},"author":9,"featured_media":0,"parent":257,"menu_order":0,"comment_status":"closed","ping_status":"closed","template":"","meta":{"_acf_changed":false,"footnotes":""},"class_list":["post-261","page","type-page","status-publish","hentry"],"acf":[],"_links":{"self":[{"href":"https:\/\/www.euro-graduation-access.org\/en\/wp-json\/wp\/v2\/pages\/261","targetHints":{"allow":["GET"]}}],"collection":[{"href":"https:\/\/www.euro-graduation-access.org\/en\/wp-json\/wp\/v2\/pages"}],"about":[{"href":"https:\/\/www.euro-graduation-access.org\/en\/wp-json\/wp\/v2\/types\/page"}],"author":[{"embeddable":true,"href":"https:\/\/www.euro-graduation-access.org\/en\/wp-json\/wp\/v2\/users\/9"}],"replies":[{"embeddable":true,"href":"https:\/\/www.euro-graduation-access.org\/en\/wp-json\/wp\/v2\/comments?post=261"}],"version-history":[{"count":33,"href":"https:\/\/www.euro-graduation-access.org\/en\/wp-json\/wp\/v2\/pages\/261\/revisions"}],"predecessor-version":[{"id":20531,"href":"https:\/\/www.euro-graduation-access.org\/en\/wp-json\/wp\/v2\/pages\/261\/revisions\/20531"}],"up":[{"embeddable":true,"href":"https:\/\/www.euro-graduation-access.org\/en\/wp-json\/wp\/v2\/pages\/257"}],"wp:attachment":[{"href":"https:\/\/www.euro-graduation-access.org\/en\/wp-json\/wp\/v2\/media?parent=261"}],"curies":[{"name":"wp","href":"https:\/\/api.w.org\/{rel}","templated":true}]}}