{"id":20358,"date":"2026-04-24T21:19:59","date_gmt":"2026-04-24T19:19:59","guid":{"rendered":"https:\/\/www.euro-graduation-access.org\/?page_id=20358"},"modified":"2026-04-27T15:15:25","modified_gmt":"2026-04-27T13:15:25","slug":"20358-2","status":"publish","type":"page","link":"https:\/\/www.euro-graduation-access.org\/en\/engineering-schools\/members\/20358-2\/","title":{"rendered":"ISMANS CESI &#8211; Institut Sup\u00e9rieur des Mat\u00e9riaux et M\u00e9caniques Avanc\u00e9s"},"content":{"rendered":"<p><img decoding=\"async\" class=\"wp-image-12382 aligncenter\" src=\"https:\/\/www.euro-graduation-access.org\/wp-content\/uploads\/2025\/01\/ISMANS-CESI_-Photo_compressed-2-scaled.jpg\" alt=\"\" width=\"407\" height=\"271\" srcset=\"https:\/\/www.euro-graduation-access.org\/wp-content\/uploads\/2025\/01\/ISMANS-CESI_-Photo_compressed-2-scaled.jpg 2560w, https:\/\/www.euro-graduation-access.org\/wp-content\/uploads\/2025\/01\/ISMANS-CESI_-Photo_compressed-2-300x200.jpg 300w, https:\/\/www.euro-graduation-access.org\/wp-content\/uploads\/2025\/01\/ISMANS-CESI_-Photo_compressed-2-1024x683.jpg 1024w, https:\/\/www.euro-graduation-access.org\/wp-content\/uploads\/2025\/01\/ISMANS-CESI_-Photo_compressed-2-768x512.jpg 768w, https:\/\/www.euro-graduation-access.org\/wp-content\/uploads\/2025\/01\/ISMANS-CESI_-Photo_compressed-2-1536x1024.jpg 1536w\" sizes=\"(max-width: 407px) 100vw, 407px\" \/><\/p>\n<h2 style=\"text-align: justify;\"><strong><img decoding=\"async\" class=\"wp-image-9038 aligncenter\" src=\"https:\/\/www.euro-graduation-access.org\/wp-content\/uploads\/2022\/10\/logo-ismans.png\" alt=\"\" width=\"286\" height=\"97\" srcset=\"https:\/\/www.euro-graduation-access.org\/wp-content\/uploads\/2022\/10\/logo-ismans.png 590w, https:\/\/www.euro-graduation-access.org\/wp-content\/uploads\/2022\/10\/logo-ismans-300x102.png 300w\" sizes=\"(max-width: 286px) 100vw, 286px\" \/><\/strong><\/h2>\n<h2 style=\"text-align: justify;\"><strong>Introduction<\/strong><\/h2>\n<p>Founded in 1987, <strong>ISMANS<\/strong> CESI continuously evolves to meet emerging societal and technological needs. In close collaboration with industry partners, its alumni network, and the scientific community, ISMANS CESI is strongly oriented toward careers in mobility engineering and transportation systems.<\/p>\n<h2><strong>4 Specialization areas<\/strong><\/h2>\n<ul>\n<li>Excellence Op\u00e9rationnelle.<\/li>\n<li>Mod\u00e9lisation, calcul et optimisation.<\/li>\n<li>Mati\u00e8re et \u00e9nergie.<\/li>\n<li>Technologies avanc\u00e9es du sport m\u00e9canique<\/li>\n<\/ul>\n<table style=\"height: 63px; width: 84.6639%; border-collapse: collapse; border-color: #000000; border-style: solid;\">\n<tbody>\n<tr style=\"height: 21px;\">\n<td style=\"width: 25%; background-color: #2c76de; height: 21px;\"><strong><span style=\"color: #ffffff;\">Creation date<\/span><\/strong><\/td>\n<td style=\"width: 25%; background-color: #6da7f2; height: 21px; text-align: right;\"><strong>1987<\/strong><\/td>\n<td style=\"width: 25%; background-color: #2c76de; height: 21px;\"><strong><span style=\"color: #ffffff;\">Alumni<\/span><\/strong><\/td>\n<td style=\"width: 24.7582%; background-color: #6da7f2; height: 21px; text-align: right;\"><strong>1240<\/strong><\/td>\n<\/tr>\n<tr style=\"height: 21px;\">\n<td style=\"width: 25%; background-color: #2c76de; height: 21px;\"><strong><span style=\"color: #ffffff;\">Students<\/span><\/strong><\/td>\n<td style=\"width: 25%; background-color: #6da7f2; height: 21px; text-align: right;\"><strong>350<\/strong><\/td>\n<td style=\"width: 25%; background-color: #2c76de; height: 21px;\"><\/td>\n<td style=\"width: 24.7582%; background-color: #6da7f2; height: 21px; text-align: right;\"><\/td>\n<\/tr>\n<\/tbody>\n<\/table>\n<h2><strong>Location<\/strong><\/h2>\n<p>Le Mans, West of France<\/p>\n<h2 style=\"text-align: justify;\"><strong>More information\u00a0<\/strong><\/h2>\n<p style=\"text-align: justify;\"><a href=\"https:\/\/ismans.cesi.fr\/\" target=\"_blank\" rel=\"noopener noreferrer\">www.ismans.cesi.fr<\/a><\/p>\n<h2 style=\"text-align: justify;\"><span style=\"color: #ff6600;\"><strong>Contact\u00a0<\/strong><\/span><\/h2>\n<p>Thierry DUVAL : tduval@cesi.fr<\/p>\n<p style=\"text-align: justify;\">ISMANS &#8211; Groupe CESI &#8211; 44 Avenue Fr\u00e9d\u00e9ric Auguste Bartholdi &#8211; 72000 Le Mans &#8211; France<br \/>\nT\u00e9l\u00e9phone : 00 33 (0)2 43 20 33 75<\/p>\n","protected":false},"excerpt":{"rendered":"<p>Introduction Founded in 1987, ISMANS CESI continuously evolves to meet emerging societal and technological needs. &#8230;<a class=\"read-more\" href=\"https:\/\/www.euro-graduation-access.org\/en\/news\/\"><\/br><\/br>Read more ><\/a><\/p>\n","protected":false},"author":9,"featured_media":0,"parent":273,"menu_order":0,"comment_status":"closed","ping_status":"closed","template":"","meta":{"_acf_changed":false,"footnotes":""},"class_list":["post-20358","page","type-page","status-publish","hentry"],"acf":[],"_links":{"self":[{"href":"https:\/\/www.euro-graduation-access.org\/en\/wp-json\/wp\/v2\/pages\/20358","targetHints":{"allow":["GET"]}}],"collection":[{"href":"https:\/\/www.euro-graduation-access.org\/en\/wp-json\/wp\/v2\/pages"}],"about":[{"href":"https:\/\/www.euro-graduation-access.org\/en\/wp-json\/wp\/v2\/types\/page"}],"author":[{"embeddable":true,"href":"https:\/\/www.euro-graduation-access.org\/en\/wp-json\/wp\/v2\/users\/9"}],"replies":[{"embeddable":true,"href":"https:\/\/www.euro-graduation-access.org\/en\/wp-json\/wp\/v2\/comments?post=20358"}],"version-history":[{"count":2,"href":"https:\/\/www.euro-graduation-access.org\/en\/wp-json\/wp\/v2\/pages\/20358\/revisions"}],"predecessor-version":[{"id":20360,"href":"https:\/\/www.euro-graduation-access.org\/en\/wp-json\/wp\/v2\/pages\/20358\/revisions\/20360"}],"up":[{"embeddable":true,"href":"https:\/\/www.euro-graduation-access.org\/en\/wp-json\/wp\/v2\/pages\/273"}],"wp:attachment":[{"href":"https:\/\/www.euro-graduation-access.org\/en\/wp-json\/wp\/v2\/media?parent=20358"}],"curies":[{"name":"wp","href":"https:\/\/api.w.org\/{rel}","templated":true}]}}