{"id":20355,"date":"2026-04-24T21:12:39","date_gmt":"2026-04-24T19:12:39","guid":{"rendered":"https:\/\/www.euro-graduation-access.org\/?page_id=20355"},"modified":"2026-04-27T15:10:57","modified_gmt":"2026-04-27T13:10:57","slug":"geodata-paris-ecole-des-ingenieur-es-geographes","status":"publish","type":"page","link":"https:\/\/www.euro-graduation-access.org\/en\/engineering-schools\/members\/geodata-paris-ecole-des-ingenieur-es-geographes\/","title":{"rendered":"GEODATA PARIS-Ecole des ing\u00e9nieur-es g\u00e9ographes"},"content":{"rendered":"<p><img decoding=\"async\" class=\"wp-image-12890 aligncenter\" src=\"https:\/\/www.euro-graduation-access.org\/wp-content\/uploads\/2025\/11\/186A8269_v2-scaled.jpg\" alt=\"\" width=\"462\" height=\"308\" srcset=\"https:\/\/www.euro-graduation-access.org\/wp-content\/uploads\/2025\/11\/186A8269_v2-scaled.jpg 2560w, https:\/\/www.euro-graduation-access.org\/wp-content\/uploads\/2025\/11\/186A8269_v2-300x200.jpg 300w, https:\/\/www.euro-graduation-access.org\/wp-content\/uploads\/2025\/11\/186A8269_v2-1024x683.jpg 1024w, https:\/\/www.euro-graduation-access.org\/wp-content\/uploads\/2025\/11\/186A8269_v2-768x512.jpg 768w, https:\/\/www.euro-graduation-access.org\/wp-content\/uploads\/2025\/11\/186A8269_v2-1536x1024.jpg 1536w, https:\/\/www.euro-graduation-access.org\/wp-content\/uploads\/2025\/11\/186A8269_v2-2048x1366.jpg 2048w\" sizes=\"(max-width: 462px) 100vw, 462px\" \/><\/p>\n<p><img decoding=\"async\" class=\"wp-image-12889 aligncenter\" src=\"https:\/\/www.euro-graduation-access.org\/wp-content\/uploads\/2025\/11\/Geodata_Paris_baseline@2x-100.jpg\" alt=\"\" width=\"404\" height=\"171\" srcset=\"https:\/\/www.euro-graduation-access.org\/wp-content\/uploads\/2025\/11\/Geodata_Paris_baseline@2x-100.jpg 591w, https:\/\/www.euro-graduation-access.org\/wp-content\/uploads\/2025\/11\/Geodata_Paris_baseline@2x-100-300x127.jpg 300w\" sizes=\"(max-width: 404px) 100vw, 404px\" \/><\/p>\n<h2><span style=\"color: #000080;\">INTRODUCTION<\/span><\/h2>\n<p>A member of Universit\u00e9 Gustave Eiffel, <strong>G\u00e9odata<\/strong> Paris is a leading public engineering school specializing in geographic information sciences and technologies, at the intersection of earth sciences, data science, digital technologies, cartography, and geography.<\/p>\n<h2 class=\"x_MsoNormal\"><span style=\"color: #000080;\">6 Specialization areas <\/span><\/h2>\n<ul type=\"disc\">\n<li class=\"x_MsoListParagraph\">Photogramm\u00e9trie et t\u00e9l\u00e9d\u00e9tection<\/li>\n<li class=\"x_MsoListParagraph\">G\u00e9od\u00e9sie et positionnement pr\u00e9cis<\/li>\n<li class=\"x_MsoListParagraph\">Technologies des syst\u00e8mes d\u2019information<\/li>\n<li class=\"x_MsoListParagraph\">Information g\u00e9ographique et analyse spatiale<\/li>\n<li class=\"x_MsoListParagraph\">Cartographie<\/li>\n<li class=\"x_MsoNormal\">D\u00e9veloppement durable et g\u00e9omatique<\/li>\n<\/ul>\n<table style=\"height: 42px; width: 84.6639%; border-collapse: collapse; border-color: #000000; border-style: solid;\">\n<tbody>\n<tr style=\"height: 21px;\">\n<td style=\"width: 25%; background-color: #2c76de; height: 21px;\"><strong><span style=\"color: #ffffff;\">Creation date<\/span><\/strong><\/td>\n<td style=\"width: 25%; background-color: #6da7f2; height: 21px; text-align: right;\"><strong>1941<\/strong><\/td>\n<td style=\"width: 25%; background-color: #2c76de; height: 21px;\"><strong><span style=\"color: #ffffff;\">Alumni<\/span><\/strong><\/td>\n<td style=\"width: 24.7582%; background-color: #6da7f2; height: 21px; text-align: right;\"><strong>11000<\/strong><\/td>\n<\/tr>\n<tr style=\"height: 21px;\">\n<td style=\"width: 25%; background-color: #2c76de; height: 21px;\"><strong><span style=\"color: #ffffff;\">Students<\/span><\/strong><\/td>\n<td style=\"width: 25%; background-color: #6da7f2; height: 21px; text-align: right;\"><strong>400<\/strong><\/td>\n<td style=\"width: 25%; background-color: #2c76de; height: 21px;\"><\/td>\n<td style=\"width: 24.7582%; background-color: #6da7f2; height: 21px; text-align: right;\"><\/td>\n<\/tr>\n<\/tbody>\n<\/table>\n<h2><span style=\"color: #000080;\">LOCATION<\/span><\/h2>\n<p>Champs-sur-Marne, East of Paris<\/p>\n<h2><span style=\"color: #000080;\">More INFORMATION<\/span><\/h2>\n<p><a href=\"https:\/\/geodata-paris.fr\/fr\">geodata-paris.fr\/fr<\/a><\/p>\n<h2><span style=\"color: #ff6600;\">CONTACT<\/span><\/h2>\n<p class=\"x_xmsonormal\">Clotilde LENEVEU \u2013 international@geodata-paris.fr<\/p>\n<p>G\u00e9odata Paris<br \/>\n6 et 8 Avenue Blaise Pascal, Cit\u00e9 Descartes &#8211; Champs-sur-Marne, 77455 Marne-la-Vall\u00e9e Cedex 2<\/p>\n<p>T\u00e9l : 0033 (0)1 64 15 30 01<\/p>\n","protected":false},"excerpt":{"rendered":"<p>INTRODUCTION A member of Universit\u00e9 Gustave Eiffel, G\u00e9odata Paris is a leading public engineering school &#8230;<a class=\"read-more\" href=\"https:\/\/www.euro-graduation-access.org\/en\/news\/\"><\/br><\/br>Read more ><\/a><\/p>\n","protected":false},"author":9,"featured_media":0,"parent":273,"menu_order":0,"comment_status":"closed","ping_status":"closed","template":"","meta":{"_acf_changed":false,"footnotes":""},"class_list":["post-20355","page","type-page","status-publish","hentry"],"acf":[],"_links":{"self":[{"href":"https:\/\/www.euro-graduation-access.org\/en\/wp-json\/wp\/v2\/pages\/20355","targetHints":{"allow":["GET"]}}],"collection":[{"href":"https:\/\/www.euro-graduation-access.org\/en\/wp-json\/wp\/v2\/pages"}],"about":[{"href":"https:\/\/www.euro-graduation-access.org\/en\/wp-json\/wp\/v2\/types\/page"}],"author":[{"embeddable":true,"href":"https:\/\/www.euro-graduation-access.org\/en\/wp-json\/wp\/v2\/users\/9"}],"replies":[{"embeddable":true,"href":"https:\/\/www.euro-graduation-access.org\/en\/wp-json\/wp\/v2\/comments?post=20355"}],"version-history":[{"count":5,"href":"https:\/\/www.euro-graduation-access.org\/en\/wp-json\/wp\/v2\/pages\/20355\/revisions"}],"predecessor-version":[{"id":20522,"href":"https:\/\/www.euro-graduation-access.org\/en\/wp-json\/wp\/v2\/pages\/20355\/revisions\/20522"}],"up":[{"embeddable":true,"href":"https:\/\/www.euro-graduation-access.org\/en\/wp-json\/wp\/v2\/pages\/273"}],"wp:attachment":[{"href":"https:\/\/www.euro-graduation-access.org\/en\/wp-json\/wp\/v2\/media?parent=20355"}],"curies":[{"name":"wp","href":"https:\/\/api.w.org\/{rel}","templated":true}]}}