{"id":20350,"date":"2026-04-24T19:49:42","date_gmt":"2026-04-24T17:49:42","guid":{"rendered":"https:\/\/www.euro-graduation-access.org\/?page_id=20350"},"modified":"2026-04-27T15:14:35","modified_gmt":"2026-04-27T13:14:35","slug":"esgt-ecole-superieure-des-geometres-et-topographes","status":"publish","type":"page","link":"https:\/\/www.euro-graduation-access.org\/en\/engineering-schools\/members\/esgt-ecole-superieure-des-geometres-et-topographes\/","title":{"rendered":"ESGT &#8211; Ecole Sup\u00e9rieure des G\u00e9om\u00e8tres et Topographes"},"content":{"rendered":"<p><img decoding=\"async\" class=\"wp-image-11323 aligncenter\" src=\"https:\/\/www.euro-graduation-access.org\/wp-content\/uploads\/2023\/09\/facade.jpg\" alt=\"\" width=\"526\" height=\"222\" srcset=\"https:\/\/www.euro-graduation-access.org\/wp-content\/uploads\/2023\/09\/facade.jpg 2000w, https:\/\/www.euro-graduation-access.org\/wp-content\/uploads\/2023\/09\/facade-300x127.jpg 300w, https:\/\/www.euro-graduation-access.org\/wp-content\/uploads\/2023\/09\/facade-1024x432.jpg 1024w, https:\/\/www.euro-graduation-access.org\/wp-content\/uploads\/2023\/09\/facade-768x324.jpg 768w, https:\/\/www.euro-graduation-access.org\/wp-content\/uploads\/2023\/09\/facade-1536x648.jpg 1536w\" sizes=\"(max-width: 526px) 100vw, 526px\" \/><\/p>\n<h2><img decoding=\"async\" class=\"wp-image-12332 aligncenter\" src=\"https:\/\/www.euro-graduation-access.org\/wp-content\/uploads\/2024\/11\/ESGTdeploye.png\" alt=\"\" width=\"281\" height=\"117\" srcset=\"https:\/\/www.euro-graduation-access.org\/wp-content\/uploads\/2024\/11\/ESGTdeploye.png 1792w, https:\/\/www.euro-graduation-access.org\/wp-content\/uploads\/2024\/11\/ESGTdeploye-300x125.png 300w, https:\/\/www.euro-graduation-access.org\/wp-content\/uploads\/2024\/11\/ESGTdeploye-1024x427.png 1024w, https:\/\/www.euro-graduation-access.org\/wp-content\/uploads\/2024\/11\/ESGTdeploye-768x320.png 768w, https:\/\/www.euro-graduation-access.org\/wp-content\/uploads\/2024\/11\/ESGTdeploye-1536x640.png 1536w\" sizes=\"(max-width: 281px) 100vw, 281px\" \/><\/h2>\n<h2><strong>Introd<\/strong><strong>uction<\/strong><\/h2>\n<p>\u00c9cole Sup\u00e9rieure d\u2019Ing\u00e9nieurs G\u00e9om\u00e8tres et Topographes (<strong>ESGT<\/strong>), a public engineering school affiliated with the Polytech network, delivers a multidisciplinary education in geomatics, digital modeling, environmental sciences, spatial planning, geographic information systems (GIS), and land surveying expertise.<\/p>\n<h2><strong>1 Specialization area<\/strong><\/h2>\n<ul>\n<li>Sciences de la Mesure, Am\u00e9nagement du Territoire, D\u00e9limitation de la Propri\u00e9t\u00e9, Foncier et Cadastre, G\u00e9omatique<\/li>\n<\/ul>\n<table style=\"height: 63px; width: 84.5636%; border-collapse: collapse; border-color: #000000; border-style: solid;\">\n<tbody>\n<tr style=\"height: 21px;\">\n<td style=\"width: 25%; background-color: #2c76de; height: 21px;\"><strong><span style=\"color: #ffffff;\">Creation date<\/span><\/strong><\/td>\n<td style=\"width: 25%; background-color: #6da7f2; height: 21px; text-align: right;\"><strong>1946<\/strong><\/td>\n<td style=\"width: 25%; background-color: #2c76de; height: 21px;\"><strong><span style=\"color: #ffffff;\">Alumni<\/span><\/strong><\/td>\n<td style=\"width: 24.6397%; background-color: #6da7f2; height: 21px; text-align: right;\"><strong>3300<\/strong><\/td>\n<\/tr>\n<tr style=\"height: 21px;\">\n<td style=\"width: 25%; background-color: #2c76de; height: 21px;\"><strong><span style=\"color: #ffffff;\">Students<\/span><\/strong><\/td>\n<td style=\"width: 25%; background-color: #6da7f2; height: 21px; text-align: right;\"><strong>400<\/strong><\/td>\n<td style=\"width: 25%; background-color: #2c76de; height: 21px;\"><\/td>\n<td style=\"width: 24.6397%; background-color: #6da7f2; height: 21px; text-align: right;\"><\/td>\n<\/tr>\n<\/tbody>\n<\/table>\n<h2><strong>Location<\/strong><\/h2>\n<p>Le Mans, West of France<\/p>\n<h2 style=\"text-align: justify;\"><strong>More information\u00a0<\/strong><\/h2>\n<p style=\"text-align: justify;\"><a href=\"http:\/\/www.esgt.cnam.fr\/\" target=\"_blank\" rel=\"noopener noreferrer\">www.esgt.cnam.fr\/<\/a><\/p>\n<h2 style=\"text-align: justify;\"><strong><span style=\"color: #ff6600;\">Contact\u00a0<\/span><\/strong><\/h2>\n<p>Sybil GUIGO, Responsable du service scolarit\u00e9 ESGT\/CNAM : sybil.guigo@lecnam.net<\/p>\n<p style=\"text-align: justify;\">ESGT \u2013 1 boulevard Pythagore \u2013 72000 Le Mans \u2013 France<br \/>\nT\u00e9l\u00e9phone\u00a0: 00 33 (0)2 43 43 31 00<\/p>\n","protected":false},"excerpt":{"rendered":"<p>Introduction \u00c9cole Sup\u00e9rieure d\u2019Ing\u00e9nieurs G\u00e9om\u00e8tres et Topographes (ESGT), a public engineering school affiliated with the &#8230;<a class=\"read-more\" href=\"https:\/\/www.euro-graduation-access.org\/en\/news\/\"><\/br><\/br>Read more ><\/a><\/p>\n","protected":false},"author":9,"featured_media":0,"parent":273,"menu_order":0,"comment_status":"closed","ping_status":"closed","template":"","meta":{"_acf_changed":false,"footnotes":""},"class_list":["post-20350","page","type-page","status-publish","hentry"],"acf":[],"_links":{"self":[{"href":"https:\/\/www.euro-graduation-access.org\/en\/wp-json\/wp\/v2\/pages\/20350","targetHints":{"allow":["GET"]}}],"collection":[{"href":"https:\/\/www.euro-graduation-access.org\/en\/wp-json\/wp\/v2\/pages"}],"about":[{"href":"https:\/\/www.euro-graduation-access.org\/en\/wp-json\/wp\/v2\/types\/page"}],"author":[{"embeddable":true,"href":"https:\/\/www.euro-graduation-access.org\/en\/wp-json\/wp\/v2\/users\/9"}],"replies":[{"embeddable":true,"href":"https:\/\/www.euro-graduation-access.org\/en\/wp-json\/wp\/v2\/comments?post=20350"}],"version-history":[{"count":1,"href":"https:\/\/www.euro-graduation-access.org\/en\/wp-json\/wp\/v2\/pages\/20350\/revisions"}],"predecessor-version":[{"id":20351,"href":"https:\/\/www.euro-graduation-access.org\/en\/wp-json\/wp\/v2\/pages\/20350\/revisions\/20351"}],"up":[{"embeddable":true,"href":"https:\/\/www.euro-graduation-access.org\/en\/wp-json\/wp\/v2\/pages\/273"}],"wp:attachment":[{"href":"https:\/\/www.euro-graduation-access.org\/en\/wp-json\/wp\/v2\/media?parent=20350"}],"curies":[{"name":"wp","href":"https:\/\/api.w.org\/{rel}","templated":true}]}}