{"id":20344,"date":"2026-04-24T19:32:22","date_gmt":"2026-04-24T17:32:22","guid":{"rendered":"https:\/\/www.euro-graduation-access.org\/?page_id=20344"},"modified":"2026-04-27T15:08:08","modified_gmt":"2026-04-27T13:08:08","slug":"esa-ecole-superieure-des-agricultures","status":"publish","type":"page","link":"https:\/\/www.euro-graduation-access.org\/en\/engineering-schools\/members\/esa-ecole-superieure-des-agricultures\/","title":{"rendered":"ESA &#8211; Ecole Sup\u00e9rieure des Agricultures"},"content":{"rendered":"<p><img decoding=\"async\" class=\" wp-image-2874 aligncenter\" src=\"https:\/\/www.euro-graduation-access.org\/wp-content\/uploads\/2019\/09\/photo-ESA-300x143.jpg\" alt=\"\" width=\"531\" height=\"253\" srcset=\"https:\/\/www.euro-graduation-access.org\/wp-content\/uploads\/2019\/09\/photo-ESA-300x143.jpg 300w, https:\/\/www.euro-graduation-access.org\/wp-content\/uploads\/2019\/09\/photo-ESA.jpg 326w\" sizes=\"(max-width: 531px) 100vw, 531px\" \/> <img decoding=\"async\" class=\" wp-image-9037 aligncenter\" src=\"https:\/\/www.euro-graduation-access.org\/wp-content\/uploads\/2022\/10\/logo-ESA-150x150.jpg\" alt=\"\" width=\"209\" height=\"209\" srcset=\"https:\/\/www.euro-graduation-access.org\/wp-content\/uploads\/2022\/10\/logo-ESA-150x150.jpg 150w, https:\/\/www.euro-graduation-access.org\/wp-content\/uploads\/2022\/10\/logo-ESA-300x300.jpg 300w, https:\/\/www.euro-graduation-access.org\/wp-content\/uploads\/2022\/10\/logo-ESA-1024x1024.jpg 1024w, https:\/\/www.euro-graduation-access.org\/wp-content\/uploads\/2022\/10\/logo-ESA-768x768.jpg 768w, https:\/\/www.euro-graduation-access.org\/wp-content\/uploads\/2022\/10\/logo-ESA-1536x1536.jpg 1536w, https:\/\/www.euro-graduation-access.org\/wp-content\/uploads\/2022\/10\/logo-ESA-2048x2048.jpg 2048w\" sizes=\"(max-width: 209px) 100vw, 209px\" \/><\/p>\n<h2><strong>Introduction<\/strong><\/h2>\n<p>Founded in 1898, \u00c9cole Sup\u00e9rieure des Agricultures (<strong>ESA<\/strong>) is a leading institution dedicated to agroecological, food, and digital transitions. It offers more than 50 academic pathways, including the engineering degree in agricultural sciences.<\/p>\n<h2><strong>8 Specialization areas<\/strong><\/h2>\n<ul>\n<li>Productions Animales : Elevage et Fili\u00e8re<\/li>\n<li>Transformation, Alimentation et Qualit\u00e9<\/li>\n<li>Productions V\u00e9g\u00e9tales et Agro\u00e9cologie<\/li>\n<li>Master&#8217;s in Vine, Wine and Terroir Management*<\/li>\n<li>Int\u00e9gration Environnementale et Durabilit\u00e9<\/li>\n<li>Management et Strat\u00e9gie d&#8217;Entreprise<\/li>\n<li>Agrifood Chain*<\/li>\n<li>Vigne et Vin<\/li>\n<\/ul>\n<p>*Courses delivered in English<\/p>\n<table style=\"height: 63px; width: 84.6639%; border-collapse: collapse; border-color: #000000; border-style: solid;\">\n<tbody>\n<tr style=\"height: 21px;\">\n<td style=\"width: 25%; background-color: #2c76de; height: 21px;\"><strong><span style=\"color: #ffffff;\">Creation date<\/span><\/strong><\/td>\n<td style=\"width: 25%; background-color: #6da7f2; height: 21px; text-align: right;\"><strong>1963<\/strong><\/td>\n<td style=\"width: 25%; background-color: #2c76de; height: 21px;\"><strong><span style=\"color: #ffffff;\">Alumni<\/span><\/strong><\/td>\n<td style=\"width: 24.7582%; background-color: #6da7f2; height: 21px; text-align: right;\"><strong>8409<\/strong><\/td>\n<\/tr>\n<tr style=\"height: 21px;\">\n<td style=\"width: 25%; background-color: #2c76de; height: 21px;\"><strong><span style=\"color: #ffffff;\">Students<\/span><\/strong><\/td>\n<td style=\"width: 25%; background-color: #6da7f2; height: 21px; text-align: right;\"><strong>3000<\/strong><\/td>\n<td style=\"width: 25%; background-color: #2c76de; height: 21px;\"><\/td>\n<td style=\"width: 24.7582%; background-color: #6da7f2; height: 21px; text-align: right;\"><\/td>\n<\/tr>\n<\/tbody>\n<\/table>\n<h2><strong>Location<\/strong><\/h2>\n<p>Angers, West of France and Paris-Guyancourt, West of Paris<\/p>\n<h2><strong>More information<\/strong><\/h2>\n<p><a href=\"http:\/\/www.groupe-esa.com\/\">groupe-esa.com<\/a><\/p>\n<h2><strong><span style=\"color: #ff6600;\">CONTACT<\/span><\/strong><\/h2>\n<div class=\"textwidget\">\n<p>Marie GODARD, International Students Recruitment Manager : m.godard@groupe-esa.com<\/p>\n<p><strong>ESA, l&#8217;\u00c9cole Sup\u00e9rieure des Agricultures : <\/strong><\/p>\n<p>Campus d&#8217;Angers : 55, rue Rabelais B.P. 30748 49007 ANGERS Cedex 01 FRANCE<\/p>\n<p>Campus de Paris : 6, rue H\u00e9l\u00e8ne Boucher 78280 GUYANCOURT FRANCE<\/p>\n<p>T\u00e9l. : 0033 (0)2 41 23 55 55<\/p>\n<\/div>\n","protected":false},"excerpt":{"rendered":"<p>Introduction Founded in 1898, \u00c9cole Sup\u00e9rieure des Agricultures (ESA) is a leading institution dedicated to &#8230;<a class=\"read-more\" href=\"https:\/\/www.euro-graduation-access.org\/en\/news\/\"><\/br><\/br>Read more ><\/a><\/p>\n","protected":false},"author":9,"featured_media":0,"parent":273,"menu_order":0,"comment_status":"closed","ping_status":"closed","template":"","meta":{"_acf_changed":false,"footnotes":""},"class_list":["post-20344","page","type-page","status-publish","hentry"],"acf":[],"_links":{"self":[{"href":"https:\/\/www.euro-graduation-access.org\/en\/wp-json\/wp\/v2\/pages\/20344","targetHints":{"allow":["GET"]}}],"collection":[{"href":"https:\/\/www.euro-graduation-access.org\/en\/wp-json\/wp\/v2\/pages"}],"about":[{"href":"https:\/\/www.euro-graduation-access.org\/en\/wp-json\/wp\/v2\/types\/page"}],"author":[{"embeddable":true,"href":"https:\/\/www.euro-graduation-access.org\/en\/wp-json\/wp\/v2\/users\/9"}],"replies":[{"embeddable":true,"href":"https:\/\/www.euro-graduation-access.org\/en\/wp-json\/wp\/v2\/comments?post=20344"}],"version-history":[{"count":4,"href":"https:\/\/www.euro-graduation-access.org\/en\/wp-json\/wp\/v2\/pages\/20344\/revisions"}],"predecessor-version":[{"id":20463,"href":"https:\/\/www.euro-graduation-access.org\/en\/wp-json\/wp\/v2\/pages\/20344\/revisions\/20463"}],"up":[{"embeddable":true,"href":"https:\/\/www.euro-graduation-access.org\/en\/wp-json\/wp\/v2\/pages\/273"}],"wp:attachment":[{"href":"https:\/\/www.euro-graduation-access.org\/en\/wp-json\/wp\/v2\/media?parent=20344"}],"curies":[{"name":"wp","href":"https:\/\/api.w.org\/{rel}","templated":true}]}}