{"id":20334,"date":"2026-04-24T19:13:13","date_gmt":"2026-04-24T17:13:13","guid":{"rendered":"https:\/\/www.euro-graduation-access.org\/?page_id=20334"},"modified":"2026-04-27T15:06:49","modified_gmt":"2026-04-27T13:06:49","slug":"eivp-ecole-des-ingenieurs-de-la-ville-de-paris-ecole-superieure-du-genie-urbain","status":"publish","type":"page","link":"https:\/\/www.euro-graduation-access.org\/en\/engineering-schools\/members\/eivp-ecole-des-ingenieurs-de-la-ville-de-paris-ecole-superieure-du-genie-urbain\/","title":{"rendered":"EIVP &#8211; Ecole des Ing\u00e9nieurs de la Ville de Paris &#8211; Ecole Sup\u00e9rieure du G\u00e9nie Urbain"},"content":{"rendered":"<h3><img decoding=\"async\" class=\"wp-image-2883 aligncenter\" src=\"https:\/\/www.euro-graduation-access.org\/wp-content\/uploads\/2019\/09\/Facade_EIVP-300x193.jpg\" alt=\"\" width=\"521\" height=\"335\" srcset=\"https:\/\/www.euro-graduation-access.org\/wp-content\/uploads\/2019\/09\/Facade_EIVP-300x193.jpg 300w, https:\/\/www.euro-graduation-access.org\/wp-content\/uploads\/2019\/09\/Facade_EIVP.jpg 637w\" sizes=\"(max-width: 521px) 100vw, 521px\" \/><\/h3>\n<h2><img decoding=\"async\" class=\"wp-image-2928 aligncenter\" style=\"font-size: 16px; font-weight: 400;\" src=\"https:\/\/www.euro-graduation-access.org\/wp-content\/uploads\/2019\/09\/eivp-logo-centre-denomination-300x212.jpg\" alt=\"\" width=\"252\" height=\"178\" srcset=\"https:\/\/www.euro-graduation-access.org\/wp-content\/uploads\/2019\/09\/eivp-logo-centre-denomination-300x212.jpg 300w, https:\/\/www.euro-graduation-access.org\/wp-content\/uploads\/2019\/09\/eivp-logo-centre-denomination-768x542.jpg 768w, https:\/\/www.euro-graduation-access.org\/wp-content\/uploads\/2019\/09\/eivp-logo-centre-denomination-1024x723.jpg 1024w\" sizes=\"(max-width: 252px) 100vw, 252px\" \/><\/h2>\n<h2><\/h2>\n<h2><strong>INTRODUCTION<\/strong><\/h2>\n<p>\u00c9cole des Ing\u00e9nieurs de la Ville de Paris (<strong>EIVP<\/strong>) prepares engineers in Urban Engineering capable of designing and delivering large-scale projects in construction, environment, water and waste management, energy systems, climate adaptation, and urban development.<\/p>\n<h2>1 Specialization area<\/h2>\n<p>G\u00e9nie Urbain<\/p>\n<table style=\"height: 63px; width: 84.6639%; border-collapse: collapse; border-color: #000000; border-style: solid;\">\n<tbody>\n<tr style=\"height: 21px;\">\n<td style=\"width: 25%; background-color: #2c76de; height: 21px;\"><strong><span style=\"color: #ffffff;\">Creation date<\/span><\/strong><\/td>\n<td style=\"width: 25%; background-color: #6da7f2; height: 21px; text-align: right;\"><strong>1959<\/strong><\/td>\n<td style=\"width: 25%; background-color: #2c76de; height: 21px;\"><strong><span style=\"color: #ffffff;\">Alumni<\/span><\/strong><\/td>\n<td style=\"width: 24.7582%; background-color: #6da7f2; height: 21px; text-align: right;\"><strong>2500<\/strong><\/td>\n<\/tr>\n<tr style=\"height: 21px;\">\n<td style=\"width: 25%; background-color: #2c76de; height: 21px;\"><strong><span style=\"color: #ffffff;\">Students<\/span><\/strong><\/td>\n<td style=\"width: 25%; background-color: #6da7f2; height: 21px; text-align: right;\"><strong>500<\/strong><\/td>\n<td style=\"width: 25%; background-color: #2c76de; height: 21px;\"><\/td>\n<td style=\"width: 24.7582%; background-color: #6da7f2; height: 21px; text-align: right;\"><\/td>\n<\/tr>\n<\/tbody>\n<\/table>\n<h2><strong>Location<\/strong><\/h2>\n<p>Paris<\/p>\n<h2><strong>More information<\/strong><\/h2>\n<p><a href=\"https:\/\/www.eivp-paris.fr\/\">eivp-paris.fr<\/a><\/p>\n<h2><span style=\"color: #ff6600;\">CONTACT<\/span><\/h2>\n<p>Julien LEROY : <a href=\"mailto:relations.internationales@eivp-paris.fr\">relations.internationales@eivp-paris.fr<\/a><\/p>\n<p>Ecole des Ing\u00e9nieurs de la Ville de Paris 80, Rue R\u00e9beval 75019 PARIS FRANCE<\/p>\n<p>T\u00e9l : 0033 (0)1 56 02 61 00<\/p>\n<p>&nbsp;<\/p>\n","protected":false},"excerpt":{"rendered":"<p>INTRODUCTION \u00c9cole des Ing\u00e9nieurs de la Ville de Paris (EIVP) prepares engineers in Urban Engineering &#8230;<a class=\"read-more\" href=\"https:\/\/www.euro-graduation-access.org\/en\/news\/\"><\/br><\/br>Read more ><\/a><\/p>\n","protected":false},"author":9,"featured_media":0,"parent":273,"menu_order":0,"comment_status":"closed","ping_status":"closed","template":"","meta":{"_acf_changed":false,"footnotes":""},"class_list":["post-20334","page","type-page","status-publish","hentry"],"acf":[],"_links":{"self":[{"href":"https:\/\/www.euro-graduation-access.org\/en\/wp-json\/wp\/v2\/pages\/20334","targetHints":{"allow":["GET"]}}],"collection":[{"href":"https:\/\/www.euro-graduation-access.org\/en\/wp-json\/wp\/v2\/pages"}],"about":[{"href":"https:\/\/www.euro-graduation-access.org\/en\/wp-json\/wp\/v2\/types\/page"}],"author":[{"embeddable":true,"href":"https:\/\/www.euro-graduation-access.org\/en\/wp-json\/wp\/v2\/users\/9"}],"replies":[{"embeddable":true,"href":"https:\/\/www.euro-graduation-access.org\/en\/wp-json\/wp\/v2\/comments?post=20334"}],"version-history":[{"count":7,"href":"https:\/\/www.euro-graduation-access.org\/en\/wp-json\/wp\/v2\/pages\/20334\/revisions"}],"predecessor-version":[{"id":20374,"href":"https:\/\/www.euro-graduation-access.org\/en\/wp-json\/wp\/v2\/pages\/20334\/revisions\/20374"}],"up":[{"embeddable":true,"href":"https:\/\/www.euro-graduation-access.org\/en\/wp-json\/wp\/v2\/pages\/273"}],"wp:attachment":[{"href":"https:\/\/www.euro-graduation-access.org\/en\/wp-json\/wp\/v2\/media?parent=20334"}],"curies":[{"name":"wp","href":"https:\/\/api.w.org\/{rel}","templated":true}]}}