{"id":20308,"date":"2026-04-23T18:07:05","date_gmt":"2026-04-23T16:07:05","guid":{"rendered":"https:\/\/www.euro-graduation-access.org\/?page_id=20308"},"modified":"2026-04-24T21:52:58","modified_gmt":"2026-04-24T19:52:58","slug":"efrei-ecole-dingenieurs-informatique","status":"publish","type":"page","link":"https:\/\/www.euro-graduation-access.org\/en\/engineering-schools\/members\/efrei-ecole-dingenieurs-informatique\/","title":{"rendered":"EFREI &#8211; Ecole d&#8217;ing\u00e9nieurs informatique"},"content":{"rendered":"<h2><img decoding=\"async\" class=\" wp-image-5025 aligncenter\" src=\"https:\/\/www.euro-graduation-access.org\/wp-content\/uploads\/2021\/03\/efrei_stock-02085-300x169.jpg\" alt=\"\" width=\"540\" height=\"304\" srcset=\"https:\/\/www.euro-graduation-access.org\/wp-content\/uploads\/2021\/03\/efrei_stock-02085-300x169.jpg 300w, https:\/\/www.euro-graduation-access.org\/wp-content\/uploads\/2021\/03\/efrei_stock-02085-1024x575.jpg 1024w, https:\/\/www.euro-graduation-access.org\/wp-content\/uploads\/2021\/03\/efrei_stock-02085-768x432.jpg 768w, https:\/\/www.euro-graduation-access.org\/wp-content\/uploads\/2021\/03\/efrei_stock-02085.jpg 1034w\" sizes=\"(max-width: 540px) 100vw, 540px\" \/><\/h2>\n<h2><img decoding=\"async\" class=\"wp-image-7547 size-medium aligncenter\" style=\"font-size: 16px;\" src=\"https:\/\/www.euro-graduation-access.org\/wp-content\/uploads\/2022\/02\/LOGO_EFREI-PRINT_EFREI-WEB-2-300x98.png\" alt=\"\" width=\"300\" height=\"98\" srcset=\"https:\/\/www.euro-graduation-access.org\/wp-content\/uploads\/2022\/02\/LOGO_EFREI-PRINT_EFREI-WEB-2-300x98.png 300w, https:\/\/www.euro-graduation-access.org\/wp-content\/uploads\/2022\/02\/LOGO_EFREI-PRINT_EFREI-WEB-2-1024x334.png 1024w, https:\/\/www.euro-graduation-access.org\/wp-content\/uploads\/2022\/02\/LOGO_EFREI-PRINT_EFREI-WEB-2-768x250.png 768w, https:\/\/www.euro-graduation-access.org\/wp-content\/uploads\/2022\/02\/LOGO_EFREI-PRINT_EFREI-WEB-2.png 1046w\" sizes=\"(max-width: 300px) 100vw, 300px\" \/><\/h2>\n<h2><\/h2>\n<h2><strong>Introduction\u00a0<\/strong><\/h2>\n<p><strong>Efrei Paris<\/strong>, a leading French Grande \u00c9cole of Engineering and Digital Technologies within Universit\u00e9 Paris-Panth\u00e9on-Assas, offers a broad range of programs covering the full spectrum of computer science and digital technologies.<\/p>\n<h2>13 Specialization areas :<\/h2>\n<p><strong>Information Technology<\/strong><\/p>\n<ul>\n<li>Information Systems Strategy &amp; Governance*<\/li>\n<li>Technologies immersives et IA<\/li>\n<li>IT for Finance*<\/li>\n<li>Software Engineering*<\/li>\n<\/ul>\n<p><strong>Data Science<\/strong><\/p>\n<ul>\n<li>Data &amp; Artificial Intelligence*<\/li>\n<li>Data Engineering*<\/li>\n<li>Bio-Informatique *<\/li>\n<li>Business Intelligence &amp; Analytics*<\/li>\n<\/ul>\n<p><strong>S\u00e9curit\u00e9 &amp; R\u00e9seaux<\/strong><\/p>\n<ul>\n<li>Cybers\u00e9curit\u00e9, Infrastructure &amp; Logiciels<\/li>\n<li>Cybers\u00e9curit\u00e9, SI &amp; Gouvernance<\/li>\n<li>Cybers\u00e9curit\u00e9 &amp; Cloud<\/li>\n<\/ul>\n<p><strong>Syst\u00e8mes embarqu\u00e9s<\/strong><\/p>\n<ul>\n<li>Transports Intelligents<\/li>\n<li>Syst\u00e8mes Robotiques &amp; Drones<\/li>\n<\/ul>\n<p>*Courses delivered in English<\/p>\n<table style=\"height: 63px; width: 84.6639%; border-collapse: collapse; border-color: #000000; border-style: solid;\">\n<tbody>\n<tr style=\"height: 21px;\">\n<td style=\"width: 25%; background-color: #2c76de; height: 21px;\"><span style=\"color: #ffffff;\"><b>Creation date<\/b><\/span><\/td>\n<td style=\"width: 25%; background-color: #6da7f2; height: 21px; text-align: right;\"><strong>1936<\/strong><\/td>\n<td style=\"width: 25%; background-color: #2c76de; height: 21px;\"><strong><span style=\"color: #ffffff;\">Alumni<\/span><\/strong><\/td>\n<td style=\"width: 24.7582%; background-color: #6da7f2; height: 21px; text-align: right;\"><strong>13500<\/strong><\/td>\n<\/tr>\n<tr style=\"height: 21px;\">\n<td style=\"width: 25%; background-color: #2c76de; height: 21px;\"><strong><span style=\"color: #ffffff;\">Students<\/span><\/strong><\/td>\n<td style=\"width: 25%; background-color: #6da7f2; height: 21px; text-align: right;\"><strong>5000<\/strong><\/td>\n<td style=\"width: 25%; background-color: #2c76de; height: 21px;\"><\/td>\n<td style=\"width: 24.7582%; background-color: #6da7f2; height: 21px; text-align: right;\"><\/td>\n<\/tr>\n<\/tbody>\n<\/table>\n<h2><strong>Location<\/strong><\/h2>\n<p>Villejuif, South of Paris<\/p>\n<h2 style=\"text-align: justify;\"><strong>More information<\/strong><\/h2>\n<p style=\"text-align: justify;\"><a href=\"http:\/\/www.efrei.fr\" target=\"_blank\" rel=\"noopener noreferrer\">www.efrei.fr<\/a><\/p>\n<h2><strong><span style=\"color: #ff6600;\">Contact<\/span>\u00a0<\/strong><\/h2>\n<p>Email\u00a0: admissions@efrei.fr<\/p>\n<p>EFREI \u2013 30-32 avenue de la R\u00e9publique \u2013 94800 Villejuif \u2013 France<br \/>\nT\u00e9l\u00e9phone : 00 33 (0)1 88 28 90 01<\/p>\n","protected":false},"excerpt":{"rendered":"<p>Introduction\u00a0 Efrei Paris, a leading French Grande \u00c9cole of Engineering and Digital Technologies within Universit\u00e9 &#8230;<a class=\"read-more\" href=\"https:\/\/www.euro-graduation-access.org\/en\/news\/\"><\/br><\/br>Read more ><\/a><\/p>\n","protected":false},"author":9,"featured_media":0,"parent":273,"menu_order":0,"comment_status":"closed","ping_status":"closed","template":"","meta":{"_acf_changed":false,"footnotes":""},"class_list":["post-20308","page","type-page","status-publish","hentry"],"acf":[],"_links":{"self":[{"href":"https:\/\/www.euro-graduation-access.org\/en\/wp-json\/wp\/v2\/pages\/20308","targetHints":{"allow":["GET"]}}],"collection":[{"href":"https:\/\/www.euro-graduation-access.org\/en\/wp-json\/wp\/v2\/pages"}],"about":[{"href":"https:\/\/www.euro-graduation-access.org\/en\/wp-json\/wp\/v2\/types\/page"}],"author":[{"embeddable":true,"href":"https:\/\/www.euro-graduation-access.org\/en\/wp-json\/wp\/v2\/users\/9"}],"replies":[{"embeddable":true,"href":"https:\/\/www.euro-graduation-access.org\/en\/wp-json\/wp\/v2\/comments?post=20308"}],"version-history":[{"count":5,"href":"https:\/\/www.euro-graduation-access.org\/en\/wp-json\/wp\/v2\/pages\/20308\/revisions"}],"predecessor-version":[{"id":20373,"href":"https:\/\/www.euro-graduation-access.org\/en\/wp-json\/wp\/v2\/pages\/20308\/revisions\/20373"}],"up":[{"embeddable":true,"href":"https:\/\/www.euro-graduation-access.org\/en\/wp-json\/wp\/v2\/pages\/273"}],"wp:attachment":[{"href":"https:\/\/www.euro-graduation-access.org\/en\/wp-json\/wp\/v2\/media?parent=20308"}],"curies":[{"name":"wp","href":"https:\/\/api.w.org\/{rel}","templated":true}]}}